{"id":833,"date":"2025-11-04T01:50:31","date_gmt":"2025-11-04T04:50:31","guid":{"rendered":"https:\/\/regionalesrenacer.com\/shop\/?post_type=product&#038;p=833"},"modified":"2025-11-07T16:49:30","modified_gmt":"2025-11-07T19:49:30","slug":"set-de-mate-camionero-5-piezas-con-dijes","status":"publish","type":"product","link":"https:\/\/regionalesrenacer.com\/shop\/producto\/set-de-mate-camionero-5-piezas-con-dijes\/","title":{"rendered":"Set de Mate Camionero 5 Piezas con Dijes"},"content":{"rendered":"<p data-start=\"105\" data-end=\"218\"><strong data-start=\"105\" data-end=\"133\">Kit completo (5 piezas):<\/strong> mate camionero, <strong data-start=\"150\" data-end=\"185\">bombilla pico de loro de alpaca<\/strong>, termo, yerbera y azucarera. \u2705<\/p>\n<ul>\n<li data-start=\"219\" data-end=\"343\">\n<p data-start=\"221\" data-end=\"343\"><strong data-start=\"221\" data-end=\"240\">Dijes de alpaca<\/strong> en las piezas (motivos artesanales) que elevan la presentaci\u00f3n y lo vuelven <strong data-start=\"317\" data-end=\"338\">ideal para regalo<\/strong>. \u2728<\/p>\n<\/li>\n<li data-start=\"344\" data-end=\"469\">\n<p data-start=\"346\" data-end=\"469\"><strong data-start=\"346\" data-end=\"364\">Termo met\u00e1lico<\/strong> de uso diario y contenedores (yerbera\/azucarera) con tapas pr\u00e1cticas para transportar sin derrames. \ud83e\uddf3<\/p>\n<\/li>\n<li data-start=\"470\" data-end=\"564\">\n<p data-start=\"472\" data-end=\"564\"><strong data-start=\"472\" data-end=\"510\">Bombilla \u201cpico de loro\u201d de alpaca:<\/strong> boquilla c\u00f3moda, excelente flujo y f\u00e1cil cebado. \ud83e\uddc9<\/p>\n<\/li>\n<li data-start=\"565\" data-end=\"668\">\n<p data-start=\"567\" data-end=\"668\"><strong data-start=\"567\" data-end=\"599\">Presentaciones en 3 colores:<\/strong> <strong data-start=\"600\" data-end=\"609\">Bordo<\/strong>, <strong data-start=\"611\" data-end=\"620\">Negro<\/strong> y <strong data-start=\"623\" data-end=\"633\">Marr\u00f3n<\/strong>, para combinar con tu estilo. \ud83c\udfa8<\/p>\n<\/li>\n<li data-start=\"669\" data-end=\"757\">\n<p data-start=\"671\" data-end=\"757\">Terminaciones prolijas y resistentes; pensado para <strong data-start=\"722\" data-end=\"751\">salidas, oficina o viajes<\/strong>. \ud83d\ude97<\/p>\n<\/li>\n<li data-start=\"758\" data-end=\"890\">\n<p data-start=\"760\" data-end=\"890\"><strong data-start=\"760\" data-end=\"780\">Consejos de uso:<\/strong> curar el mate si es de calabaza, no lavar las piezas met\u00e1licas en lavavajillas y secar bien tras cada uso. \ud83d\udca1<\/p>\n<\/li>\n<\/ul>\n","protected":false},"excerpt":{"rendered":"<p>Un set matero elegante y listo para usar: mate camionero, <strong data-start=\"974\" data-end=\"1009\">bombilla de alpaca pico de loro<\/strong> y contenedores con <strong data-start=\"1029\" data-end=\"1038\">dijes<\/strong> a juego, m\u00e1s termo. Dise\u00f1o artesanal, tres colores y todo lo que necesit\u00e1s para cebar donde vayas.<\/p>\n","protected":false},"featured_media":837,"comment_status":"open","ping_status":"closed","template":"","meta":{"site-sidebar-layout":"default","site-content-layout":"","ast-site-content-layout":"default","site-content-style":"default","site-sidebar-style":"default","ast-global-header-display":"","ast-banner-title-visibility":"","ast-main-header-display":"","ast-hfb-above-header-display":"","ast-hfb-below-header-display":"","ast-hfb-mobile-header-display":"","site-post-title":"","ast-breadcrumbs-content":"","ast-featured-img":"","footer-sml-layout":"","ast-disable-related-posts":"","theme-transparent-header-meta":"default","adv-header-id-meta":"","stick-header-meta":"","header-above-stick-meta":"","header-main-stick-meta":"","header-below-stick-meta":"","astra-migrate-meta-layouts":"set","ast-page-background-enabled":"default","ast-page-background-meta":{"desktop":{"background-color":"var(--ast-global-color-5)","background-image":"","background-repeat":"repeat","background-position":"center center","background-size":"auto","background-attachment":"scroll","background-type":"","background-media":"","overlay-type":"","overlay-color":"","overlay-opacity":"","overlay-gradient":""},"tablet":{"background-color":"","background-image":"","background-repeat":"repeat","background-position":"center center","background-size":"auto","background-attachment":"scroll","background-type":"","background-media":"","overlay-type":"","overlay-color":"","overlay-opacity":"","overlay-gradient":""},"mobile":{"background-color":"","background-image":"","background-repeat":"repeat","background-position":"center center","background-size":"auto","background-attachment":"scroll","background-type":"","background-media":"","overlay-type":"","overlay-color":"","overlay-opacity":"","overlay-gradient":""}},"ast-content-background-meta":{"desktop":{"background-color":"var(--ast-global-color-4)","background-image":"","background-repeat":"repeat","background-position":"center center","background-size":"auto","background-attachment":"scroll","background-type":"","background-media":"","overlay-type":"","overlay-color":"","overlay-opacity":"","overlay-gradient":""},"tablet":{"background-color":"var(--ast-global-color-4)","background-image":"","background-repeat":"repeat","background-position":"center center","background-size":"auto","background-attachment":"scroll","background-type":"","background-media":"","overlay-type":"","overlay-color":"","overlay-opacity":"","overlay-gradient":""},"mobile":{"background-color":"var(--ast-global-color-4)","background-image":"","background-repeat":"repeat","background-position":"center center","background-size":"auto","background-attachment":"scroll","background-type":"","background-media":"","overlay-type":"","overlay-color":"","overlay-opacity":"","overlay-gradient":""}}},"product_brand":[],"product_cat":[426,425],"product_tag":[394,367,444,452,365,450,191,266,445,447,449,448,429,446,451],"class_list":{"0":"post-833","1":"product","2":"type-product","3":"status-publish","4":"has-post-thumbnail","6":"product_cat-set-mate-camionero","7":"product_cat-set-mates","8":"product_tag-accesorios-de-mate","9":"product_tag-artesania-argentina","10":"product_tag-bombilla-pico-de-loro-alpaca","11":"product_tag-combo-matero-con-dijes","12":"product_tag-equipo-de-mate-completo","13":"product_tag-kit-matero-premium","14":"product_tag-mate-camionero","15":"product_tag-regalo-matero","16":"product_tag-set-con-dijes","17":"product_tag-set-de-mate-bordo","18":"product_tag-set-de-mate-marron","19":"product_tag-set-de-mate-negro","20":"product_tag-set-matero-5-piezas","21":"product_tag-termo-yerbera-azucarera","22":"product_tag-yerba-mate","23":"desktop-align-left","24":"tablet-align-left","25":"mobile-align-left","26":"ast-product-gallery-layout-horizontal-slider","27":"ast-product-gallery-with-no-image","28":"ast-product-single-variable","29":"ast-product-tabs-layout-horizontal","31":"first","32":"instock","33":"taxable","34":"shipping-taxable","35":"purchasable","36":"product-type-variable"},"_links":{"self":[{"href":"https:\/\/regionalesrenacer.com\/shop\/wp-json\/wp\/v2\/product\/833","targetHints":{"allow":["GET"]}}],"collection":[{"href":"https:\/\/regionalesrenacer.com\/shop\/wp-json\/wp\/v2\/product"}],"about":[{"href":"https:\/\/regionalesrenacer.com\/shop\/wp-json\/wp\/v2\/types\/product"}],"replies":[{"embeddable":true,"href":"https:\/\/regionalesrenacer.com\/shop\/wp-json\/wp\/v2\/comments?post=833"}],"wp:featuredmedia":[{"embeddable":true,"href":"https:\/\/regionalesrenacer.com\/shop\/wp-json\/wp\/v2\/media\/837"}],"wp:attachment":[{"href":"https:\/\/regionalesrenacer.com\/shop\/wp-json\/wp\/v2\/media?parent=833"}],"wp:term":[{"taxonomy":"product_brand","embeddable":true,"href":"https:\/\/regionalesrenacer.com\/shop\/wp-json\/wp\/v2\/product_brand?post=833"},{"taxonomy":"product_cat","embeddable":true,"href":"https:\/\/regionalesrenacer.com\/shop\/wp-json\/wp\/v2\/product_cat?post=833"},{"taxonomy":"product_tag","embeddable":true,"href":"https:\/\/regionalesrenacer.com\/shop\/wp-json\/wp\/v2\/product_tag?post=833"}],"curies":[{"name":"wp","href":"https:\/\/api.w.org\/{rel}","templated":true}]}}