{"id":750,"date":"2025-09-05T22:55:46","date_gmt":"2025-09-06T01:55:46","guid":{"rendered":"https:\/\/regionalesrenacer.com\/shop\/?post_type=product&#038;p=750"},"modified":"2026-04-06T14:27:38","modified_gmt":"2026-04-06T17:27:38","slug":"mate-de-algarrobo-forrado-en-aluminio-lis","status":"publish","type":"product","link":"https:\/\/regionalesrenacer.com\/shop\/producto\/mate-de-algarrobo-forrado-en-aluminio-lis\/","title":{"rendered":"Mate de algarrobo forrado en aluminio &#8211; Lis"},"content":{"rendered":"<p data-start=\"121\" data-end=\"257\"><strong data-start=\"121\" data-end=\"153\">Interior de algarrobo macizo<\/strong> \ud83e\udeb5<br data-start=\"156\" data-end=\"159\" \/>Torneado artesanal que conserva el sabor aut\u00e9ntico de la yerba y ofrece un agarre c\u00e1lido y c\u00f3modo.<\/p>\n<p data-start=\"259\" data-end=\"446\"><strong data-start=\"259\" data-end=\"298\">Forrado exterior en aluminio pulido<\/strong> \u2728\ud83d\udee1\ufe0f<br data-start=\"303\" data-end=\"306\" \/>Cuerpo met\u00e1lico resistente a golpes, f\u00e1cil de limpiar y de brillo duradero. La combinaci\u00f3n madera\u2013metal equilibra confort y larga vida \u00fatil.<\/p>\n<p data-start=\"448\" data-end=\"598\"><strong data-start=\"448\" data-end=\"490\">Grabado \u201cLis\u201d (flor de lis) en relieve<\/strong> \u269c\ufe0f<br data-start=\"493\" data-end=\"496\" \/>Emblema cl\u00e1sico de elegancia que distingue la pieza y la vuelve un regalo con mucha identidad criolla.<\/p>\n<p data-start=\"600\" data-end=\"738\"><strong data-start=\"600\" data-end=\"629\">Boca ancha y base estable<\/strong> \ud83e\uddc9<br data-start=\"632\" data-end=\"635\" \/>Facilita acomodar la yerba y lograr un flujo parejo; apoyo firme para rondas largas sin complicaciones.<\/p>\n<p data-start=\"740\" data-end=\"884\"><strong data-start=\"740\" data-end=\"773\">Artesan\u00eda para todos los d\u00edas<\/strong> \ud83e\udd32<br data-start=\"776\" data-end=\"779\" \/>Encastres prolijos y materiales nobles. Mantenimiento simple: enjuagar y <strong data-start=\"852\" data-end=\"869\">secar al aire<\/strong> tras cada uso.<\/p>\n","protected":false},"excerpt":{"rendered":"<p>Elegancia que perdura: <strong data-start=\"940\" data-end=\"961\">mate de algarrobo<\/strong> \ud83e\udeb5 <strong data-start=\"965\" data-end=\"988\">forrado en aluminio<\/strong> \u2728 con <strong data-start=\"995\" data-end=\"1021\">grabado de flor de lis<\/strong> \u269c\ufe0f. Resistente, estable y c\u00f3modo para disfrutar el mate a toda hora. \ud83e\uddc9<\/p>\n","protected":false},"featured_media":743,"comment_status":"open","ping_status":"closed","template":"","meta":{"site-sidebar-layout":"default","site-content-layout":"","ast-site-content-layout":"default","site-content-style":"default","site-sidebar-style":"default","ast-global-header-display":"","ast-banner-title-visibility":"","ast-main-header-display":"","ast-hfb-above-header-display":"","ast-hfb-below-header-display":"","ast-hfb-mobile-header-display":"","site-post-title":"","ast-breadcrumbs-content":"","ast-featured-img":"","footer-sml-layout":"","ast-disable-related-posts":"","theme-transparent-header-meta":"default","adv-header-id-meta":"","stick-header-meta":"","header-above-stick-meta":"","header-main-stick-meta":"","header-below-stick-meta":"","astra-migrate-meta-layouts":"set","ast-page-background-enabled":"default","ast-page-background-meta":{"desktop":{"background-color":"var(--ast-global-color-5)","background-image":"","background-repeat":"repeat","background-position":"center center","background-size":"auto","background-attachment":"scroll","background-type":"","background-media":"","overlay-type":"","overlay-color":"","overlay-opacity":"","overlay-gradient":""},"tablet":{"background-color":"","background-image":"","background-repeat":"repeat","background-position":"center center","background-size":"auto","background-attachment":"scroll","background-type":"","background-media":"","overlay-type":"","overlay-color":"","overlay-opacity":"","overlay-gradient":""},"mobile":{"background-color":"","background-image":"","background-repeat":"repeat","background-position":"center center","background-size":"auto","background-attachment":"scroll","background-type":"","background-media":"","overlay-type":"","overlay-color":"","overlay-opacity":"","overlay-gradient":""}},"ast-content-background-meta":{"desktop":{"background-color":"var(--ast-global-color-4)","background-image":"","background-repeat":"repeat","background-position":"center center","background-size":"auto","background-attachment":"scroll","background-type":"","background-media":"","overlay-type":"","overlay-color":"","overlay-opacity":"","overlay-gradient":""},"tablet":{"background-color":"var(--ast-global-color-4)","background-image":"","background-repeat":"repeat","background-position":"center center","background-size":"auto","background-attachment":"scroll","background-type":"","background-media":"","overlay-type":"","overlay-color":"","overlay-opacity":"","overlay-gradient":""},"mobile":{"background-color":"var(--ast-global-color-4)","background-image":"","background-repeat":"repeat","background-position":"center center","background-size":"auto","background-attachment":"scroll","background-type":"","background-media":"","overlay-type":"","overlay-color":"","overlay-opacity":"","overlay-gradient":""}}},"product_brand":[],"product_cat":[70,72,76],"product_tag":[317,310,199,196,197,198,313,202,311,318,209,154,266],"class_list":{"0":"post-750","1":"product","2":"type-product","3":"status-publish","4":"has-post-thumbnail","6":"product_cat-cat-mates","7":"product_cat-cat-mates-de-alpaca","8":"product_cat-mates-madera-aluminio","9":"product_tag-flor-de-lis","10":"product_tag-mate-algarrobo-aluminio","11":"product_tag-mate-argentino","12":"product_tag-mate-artesanal","13":"product_tag-mate-boca-ancha","14":"product_tag-mate-criollo","15":"product_tag-mate-de-madera-y-metal","16":"product_tag-mate-elegante","17":"product_tag-mate-forrado-en-aluminio","18":"product_tag-mate-lis-grabado","19":"product_tag-mate-resistente","20":"product_tag-plateria-criolla","21":"product_tag-regalo-matero","22":"desktop-align-left","23":"tablet-align-left","24":"mobile-align-left","25":"ast-product-gallery-layout-horizontal-slider","26":"ast-product-gallery-with-no-image","27":"ast-product-tabs-layout-horizontal","29":"first","30":"instock","31":"taxable","32":"shipping-taxable","33":"purchasable","34":"product-type-simple"},"_links":{"self":[{"href":"https:\/\/regionalesrenacer.com\/shop\/wp-json\/wp\/v2\/product\/750","targetHints":{"allow":["GET"]}}],"collection":[{"href":"https:\/\/regionalesrenacer.com\/shop\/wp-json\/wp\/v2\/product"}],"about":[{"href":"https:\/\/regionalesrenacer.com\/shop\/wp-json\/wp\/v2\/types\/product"}],"replies":[{"embeddable":true,"href":"https:\/\/regionalesrenacer.com\/shop\/wp-json\/wp\/v2\/comments?post=750"}],"wp:featuredmedia":[{"embeddable":true,"href":"https:\/\/regionalesrenacer.com\/shop\/wp-json\/wp\/v2\/media\/743"}],"wp:attachment":[{"href":"https:\/\/regionalesrenacer.com\/shop\/wp-json\/wp\/v2\/media?parent=750"}],"wp:term":[{"taxonomy":"product_brand","embeddable":true,"href":"https:\/\/regionalesrenacer.com\/shop\/wp-json\/wp\/v2\/product_brand?post=750"},{"taxonomy":"product_cat","embeddable":true,"href":"https:\/\/regionalesrenacer.com\/shop\/wp-json\/wp\/v2\/product_cat?post=750"},{"taxonomy":"product_tag","embeddable":true,"href":"https:\/\/regionalesrenacer.com\/shop\/wp-json\/wp\/v2\/product_tag?post=750"}],"curies":[{"name":"wp","href":"https:\/\/api.w.org\/{rel}","templated":true}]}}