{"id":705,"date":"2025-09-03T10:33:06","date_gmt":"2025-09-03T13:33:06","guid":{"rendered":"https:\/\/regionalesrenacer.com\/shop\/?post_type=product&#038;p=705"},"modified":"2026-04-06T14:46:47","modified_gmt":"2026-04-06T17:46:47","slug":"mate-bombo-de-alpaca-con-incrustacion-de-rodocrosita","status":"publish","type":"product","link":"https:\/\/regionalesrenacer.com\/shop\/producto\/mate-bombo-de-alpaca-con-incrustacion-de-rodocrosita\/","title":{"rendered":"Mate bombo de alpaca con incrustaci\u00f3n de Rodocrosita"},"content":{"rendered":"<p data-start=\"129\" data-end=\"269\"><strong data-start=\"129\" data-end=\"160\">Formato bombo con presencia<\/strong> \ud83e\uddc9<br data-start=\"163\" data-end=\"166\" \/>Cuerpo redondeado y de gran porte, con base firme que aporta estabilidad y rinde largas rondas de mate.<\/p>\n<p data-start=\"271\" data-end=\"435\"><strong data-start=\"271\" data-end=\"302\">Incrustaci\u00f3n de Rodocrosita<\/strong> \ud83d\udc8e\ud83c\udde6\ud83c\uddf7<br data-start=\"309\" data-end=\"312\" \/>Piedra nacional argentina en tono rosado \u00fanico, montada al frente para darle un detalle de distinci\u00f3n y car\u00e1cter artesanal.<\/p>\n<p data-start=\"437\" data-end=\"609\"><strong data-start=\"437\" data-end=\"470\">Alpaca pulida de alta calidad<\/strong> \u2728\u269c\ufe0f<br data-start=\"474\" data-end=\"477\" \/>Virola y herrajes en metal noble que no se oxida ni altera el sabor. Brillo espejo y terminaciones prolijas para un acabado premium.<\/p>\n<p data-start=\"611\" data-end=\"728\"><strong data-start=\"611\" data-end=\"633\">Comodidad al cebar<\/strong> \ud83c\udf3f<br data-start=\"636\" data-end=\"639\" \/>Boca amplia para acomodar la yerba con facilidad y lograr un flujo parejo en cada cebada.<\/p>\n<p data-start=\"730\" data-end=\"867\"><strong data-start=\"730\" data-end=\"755\">Artesan\u00eda que perdura<\/strong> \ud83e\udd32<br data-start=\"758\" data-end=\"761\" \/>Calabaza seleccionada, encastre s\u00f3lido y detalles trabajados a mano. Una pieza ideal para lucir o regalar.<\/p>\n","protected":false},"excerpt":{"rendered":"<p>Elegancia con identidad argentina: <strong data-start=\"939\" data-end=\"963\">mate bombo de alpaca<\/strong> con <strong data-start=\"968\" data-end=\"999\">incrustaci\u00f3n de rodocrosita<\/strong> \ud83d\udc8e. Base estable, boca ancha y terminaci\u00f3n artesanal premium. \ud83e\uddc9\u2728<\/p>\n","protected":false},"featured_media":673,"comment_status":"open","ping_status":"closed","template":"","meta":{"site-sidebar-layout":"default","site-content-layout":"","ast-site-content-layout":"default","site-content-style":"default","site-sidebar-style":"default","ast-global-header-display":"","ast-banner-title-visibility":"","ast-main-header-display":"","ast-hfb-above-header-display":"","ast-hfb-below-header-display":"","ast-hfb-mobile-header-display":"","site-post-title":"","ast-breadcrumbs-content":"","ast-featured-img":"","footer-sml-layout":"","ast-disable-related-posts":"","theme-transparent-header-meta":"default","adv-header-id-meta":"","stick-header-meta":"","header-above-stick-meta":"","header-main-stick-meta":"","header-below-stick-meta":"","astra-migrate-meta-layouts":"set","ast-page-background-enabled":"default","ast-page-background-meta":{"desktop":{"background-color":"var(--ast-global-color-5)","background-image":"","background-repeat":"repeat","background-position":"center center","background-size":"auto","background-attachment":"scroll","background-type":"","background-media":"","overlay-type":"","overlay-color":"","overlay-opacity":"","overlay-gradient":""},"tablet":{"background-color":"","background-image":"","background-repeat":"repeat","background-position":"center center","background-size":"auto","background-attachment":"scroll","background-type":"","background-media":"","overlay-type":"","overlay-color":"","overlay-opacity":"","overlay-gradient":""},"mobile":{"background-color":"","background-image":"","background-repeat":"repeat","background-position":"center center","background-size":"auto","background-attachment":"scroll","background-type":"","background-media":"","overlay-type":"","overlay-color":"","overlay-opacity":"","overlay-gradient":""}},"ast-content-background-meta":{"desktop":{"background-color":"var(--ast-global-color-4)","background-image":"","background-repeat":"repeat","background-position":"center center","background-size":"auto","background-attachment":"scroll","background-type":"","background-media":"","overlay-type":"","overlay-color":"","overlay-opacity":"","overlay-gradient":""},"tablet":{"background-color":"var(--ast-global-color-4)","background-image":"","background-repeat":"repeat","background-position":"center center","background-size":"auto","background-attachment":"scroll","background-type":"","background-media":"","overlay-type":"","overlay-color":"","overlay-opacity":"","overlay-gradient":""},"mobile":{"background-color":"var(--ast-global-color-4)","background-image":"","background-repeat":"repeat","background-position":"center center","background-size":"auto","background-attachment":"scroll","background-type":"","background-media":"","overlay-type":"","overlay-color":"","overlay-opacity":"","overlay-gradient":""}}},"product_brand":[],"product_cat":[73,70,72],"product_tag":[199,196,232,203,279,198,200,202,195,280,154,230],"class_list":{"0":"post-705","1":"product","2":"type-product","3":"status-publish","4":"has-post-thumbnail","6":"product_cat-mate-alpaca-con-base","7":"product_cat-cat-mates","8":"product_cat-cat-mates-de-alpaca","9":"product_tag-mate-argentino","10":"product_tag-mate-artesanal","11":"product_tag-mate-bombo-de-alpaca","12":"product_tag-mate-con-base-estable","13":"product_tag-mate-con-rodocrosita","14":"product_tag-mate-criollo","15":"product_tag-mate-de-coleccion","16":"product_tag-mate-elegante","17":"product_tag-mate-premium","18":"product_tag-piedra-nacional-argentina","19":"product_tag-plateria-criolla","20":"product_tag-virola-de-alpaca","21":"desktop-align-left","22":"tablet-align-left","23":"mobile-align-left","24":"ast-product-gallery-layout-horizontal-slider","25":"ast-product-gallery-with-no-image","26":"ast-product-tabs-layout-horizontal","28":"first","29":"instock","30":"taxable","31":"shipping-taxable","32":"purchasable","33":"product-type-simple"},"_links":{"self":[{"href":"https:\/\/regionalesrenacer.com\/shop\/wp-json\/wp\/v2\/product\/705","targetHints":{"allow":["GET"]}}],"collection":[{"href":"https:\/\/regionalesrenacer.com\/shop\/wp-json\/wp\/v2\/product"}],"about":[{"href":"https:\/\/regionalesrenacer.com\/shop\/wp-json\/wp\/v2\/types\/product"}],"replies":[{"embeddable":true,"href":"https:\/\/regionalesrenacer.com\/shop\/wp-json\/wp\/v2\/comments?post=705"}],"wp:featuredmedia":[{"embeddable":true,"href":"https:\/\/regionalesrenacer.com\/shop\/wp-json\/wp\/v2\/media\/673"}],"wp:attachment":[{"href":"https:\/\/regionalesrenacer.com\/shop\/wp-json\/wp\/v2\/media?parent=705"}],"wp:term":[{"taxonomy":"product_brand","embeddable":true,"href":"https:\/\/regionalesrenacer.com\/shop\/wp-json\/wp\/v2\/product_brand?post=705"},{"taxonomy":"product_cat","embeddable":true,"href":"https:\/\/regionalesrenacer.com\/shop\/wp-json\/wp\/v2\/product_cat?post=705"},{"taxonomy":"product_tag","embeddable":true,"href":"https:\/\/regionalesrenacer.com\/shop\/wp-json\/wp\/v2\/product_tag?post=705"}],"curies":[{"name":"wp","href":"https:\/\/api.w.org\/{rel}","templated":true}]}}