{"id":695,"date":"2025-09-03T06:46:07","date_gmt":"2025-09-03T09:46:07","guid":{"rendered":"https:\/\/regionalesrenacer.com\/shop\/?post_type=product&#038;p=695"},"modified":"2026-04-06T14:50:11","modified_gmt":"2026-04-06T17:50:11","slug":"mate-labrado-con-cadena-y-bombilla","status":"publish","type":"product","link":"https:\/\/regionalesrenacer.com\/shop\/producto\/mate-labrado-con-cadena-y-bombilla\/","title":{"rendered":"Mate labrado con cadena y bombilla"},"content":{"rendered":"<p data-start=\"111\" data-end=\"258\"><strong data-start=\"111\" data-end=\"132\">Labrado artesanal<\/strong> \u2692\ufe0f<br data-start=\"135\" data-end=\"138\" \/>Cuerpo trabajado a mano con detalles en relieve que realzan el car\u00e1cter criollo y le dan una presencia \u00fanica en la mesa.<\/p>\n<p data-start=\"260\" data-end=\"421\"><strong data-start=\"260\" data-end=\"298\">Virola y herrajes en alpaca pulida<\/strong> \u2728<br data-start=\"300\" data-end=\"303\" \/>Metal noble que no se oxida ni altera el sabor. Brillo elegante y terminaciones prolijas para un acabado de categor\u00eda.<\/p>\n<p data-start=\"423\" data-end=\"585\"><strong data-start=\"423\" data-end=\"449\">Cadena sujeta-bombilla<\/strong> \u26d3\ufe0f<br data-start=\"452\" data-end=\"455\" \/>Pr\u00e1ctica y est\u00e9tica: evita extrav\u00edos y mantiene la bombilla siempre a mano. Ideal para uso diario y para llevar de un lado a otro.<\/p>\n<p data-start=\"587\" data-end=\"711\"><strong data-start=\"587\" data-end=\"608\">Bombilla incluida<\/strong> \ud83e\uddc9<br data-start=\"611\" data-end=\"614\" \/>Juego completo y a tono con el dise\u00f1o del mate para que empieces a disfrutarlo apenas lo recib\u00eds.<\/p>\n<p data-start=\"713\" data-end=\"853\"><strong data-start=\"713\" data-end=\"728\">Apoyo firme<\/strong> \u2693<br data-start=\"730\" data-end=\"733\" \/>Patitas\/met\u00e1lica base que asegura estabilidad y protege la calabaza; c\u00f3moda boca ancha para cebar parejo y sin derrames.<\/p>\n","protected":false},"excerpt":{"rendered":"<p>Elegancia y practicidad en una sola pieza: <strong data-start=\"933\" data-end=\"949\">mate labrado<\/strong> con <strong data-start=\"954\" data-end=\"974\">virola de alpaca<\/strong>, <strong data-start=\"976\" data-end=\"1002\">cadena sujeta-bombilla<\/strong> y apoyo firme. Listo para disfrutar rondas largas con estilo. \ud83e\uddc9\u2728<\/p>\n","protected":false},"featured_media":680,"comment_status":"open","ping_status":"closed","template":"","meta":{"site-sidebar-layout":"default","site-content-layout":"","ast-site-content-layout":"default","site-content-style":"default","site-sidebar-style":"default","ast-global-header-display":"","ast-banner-title-visibility":"","ast-main-header-display":"","ast-hfb-above-header-display":"","ast-hfb-below-header-display":"","ast-hfb-mobile-header-display":"","site-post-title":"","ast-breadcrumbs-content":"","ast-featured-img":"","footer-sml-layout":"","ast-disable-related-posts":"","theme-transparent-header-meta":"default","adv-header-id-meta":"","stick-header-meta":"","header-above-stick-meta":"","header-main-stick-meta":"","header-below-stick-meta":"","astra-migrate-meta-layouts":"set","ast-page-background-enabled":"default","ast-page-background-meta":{"desktop":{"background-color":"var(--ast-global-color-5)","background-image":"","background-repeat":"repeat","background-position":"center center","background-size":"auto","background-attachment":"scroll","background-type":"","background-media":"","overlay-type":"","overlay-color":"","overlay-opacity":"","overlay-gradient":""},"tablet":{"background-color":"","background-image":"","background-repeat":"repeat","background-position":"center center","background-size":"auto","background-attachment":"scroll","background-type":"","background-media":"","overlay-type":"","overlay-color":"","overlay-opacity":"","overlay-gradient":""},"mobile":{"background-color":"","background-image":"","background-repeat":"repeat","background-position":"center center","background-size":"auto","background-attachment":"scroll","background-type":"","background-media":"","overlay-type":"","overlay-color":"","overlay-opacity":"","overlay-gradient":""}},"ast-content-background-meta":{"desktop":{"background-color":"var(--ast-global-color-4)","background-image":"","background-repeat":"repeat","background-position":"center center","background-size":"auto","background-attachment":"scroll","background-type":"","background-media":"","overlay-type":"","overlay-color":"","overlay-opacity":"","overlay-gradient":""},"tablet":{"background-color":"var(--ast-global-color-4)","background-image":"","background-repeat":"repeat","background-position":"center center","background-size":"auto","background-attachment":"scroll","background-type":"","background-media":"","overlay-type":"","overlay-color":"","overlay-opacity":"","overlay-gradient":""},"mobile":{"background-color":"var(--ast-global-color-4)","background-image":"","background-repeat":"repeat","background-position":"center center","background-size":"auto","background-attachment":"scroll","background-type":"","background-media":"","overlay-type":"","overlay-color":"","overlay-opacity":"","overlay-gradient":""}}},"product_brand":[],"product_cat":[73,70,72],"product_tag":[196,197,241,240,242,198,204,202,239,195,222,154,230],"class_list":{"0":"post-695","1":"product","2":"type-product","3":"status-publish","4":"has-post-thumbnail","6":"product_cat-mate-alpaca-con-base","7":"product_cat-cat-mates","8":"product_cat-cat-mates-de-alpaca","9":"product_tag-mate-artesanal","10":"product_tag-mate-boca-ancha","11":"product_tag-mate-con-bombilla-incluida","12":"product_tag-mate-con-cadena","13":"product_tag-mate-con-patas","14":"product_tag-mate-criollo","15":"product_tag-mate-de-alpaca","16":"product_tag-mate-elegante","17":"product_tag-mate-labrado","18":"product_tag-mate-premium","19":"product_tag-mate-regalo","20":"product_tag-plateria-criolla","21":"product_tag-virola-de-alpaca","22":"desktop-align-left","23":"tablet-align-left","24":"mobile-align-left","25":"ast-product-gallery-layout-horizontal-slider","26":"ast-product-gallery-with-no-image","27":"ast-product-tabs-layout-horizontal","29":"first","30":"instock","31":"taxable","32":"shipping-taxable","33":"purchasable","34":"product-type-simple"},"_links":{"self":[{"href":"https:\/\/regionalesrenacer.com\/shop\/wp-json\/wp\/v2\/product\/695","targetHints":{"allow":["GET"]}}],"collection":[{"href":"https:\/\/regionalesrenacer.com\/shop\/wp-json\/wp\/v2\/product"}],"about":[{"href":"https:\/\/regionalesrenacer.com\/shop\/wp-json\/wp\/v2\/types\/product"}],"replies":[{"embeddable":true,"href":"https:\/\/regionalesrenacer.com\/shop\/wp-json\/wp\/v2\/comments?post=695"}],"wp:featuredmedia":[{"embeddable":true,"href":"https:\/\/regionalesrenacer.com\/shop\/wp-json\/wp\/v2\/media\/680"}],"wp:attachment":[{"href":"https:\/\/regionalesrenacer.com\/shop\/wp-json\/wp\/v2\/media?parent=695"}],"wp:term":[{"taxonomy":"product_brand","embeddable":true,"href":"https:\/\/regionalesrenacer.com\/shop\/wp-json\/wp\/v2\/product_brand?post=695"},{"taxonomy":"product_cat","embeddable":true,"href":"https:\/\/regionalesrenacer.com\/shop\/wp-json\/wp\/v2\/product_cat?post=695"},{"taxonomy":"product_tag","embeddable":true,"href":"https:\/\/regionalesrenacer.com\/shop\/wp-json\/wp\/v2\/product_tag?post=695"}],"curies":[{"name":"wp","href":"https:\/\/api.w.org\/{rel}","templated":true}]}}