{"id":581,"date":"2025-09-01T07:13:28","date_gmt":"2025-09-01T10:13:28","guid":{"rendered":"https:\/\/regionalesrenacer.com\/shop\/?post_type=product&#038;p=581"},"modified":"2026-04-13T13:37:20","modified_gmt":"2026-04-13T16:37:20","slug":"bombilla-de-alpaca-con-resorte-y-bolita-de-bronce","status":"publish","type":"product","link":"https:\/\/regionalesrenacer.com\/shop\/producto\/bombilla-de-alpaca-con-resorte-y-bolita-de-bronce\/","title":{"rendered":"Bombilla de Alpaca con Resorte y Bolita de Bronce"},"content":{"rendered":"<p>\ud83e\uddc9 <strong data-start=\"187\" data-end=\"240\">Bombilla de Alpaca con Resorte y Bolita de Bronce<\/strong> \u2728<br data-start=\"242\" data-end=\"245\" \/>Un dise\u00f1o que combina tradici\u00f3n y funcionalidad. Fabricada en <strong data-start=\"307\" data-end=\"333\">alpaca de alta calidad<\/strong>, esta bombilla cuenta con un <strong data-start=\"363\" data-end=\"384\" data-is-only-node=\"\">filtro de resorte<\/strong> que asegura un cebado suave y libre de yerba, mientras que su <strong data-start=\"447\" data-end=\"467\">bolita de bronce<\/strong> aporta un detalle elegante y distintivo. \ud83c\udf3f Resistente, pr\u00e1ctica y con terminaciones artesanales, es la elecci\u00f3n ideal para quienes buscan un accesorio duradero y con estilo para acompa\u00f1ar cada mateada.<\/p>\n","protected":false},"excerpt":{"rendered":"<p>\ud83e\uddc9 <strong data-start=\"187\" data-end=\"240\">Bombilla de Alpaca con Resorte y Bolita de Bronce<\/strong> \u2728<br data-start=\"242\" data-end=\"245\" \/>Un dise\u00f1o que combina tradici\u00f3n y funcionalidad. Fabricada en <strong data-start=\"307\" data-end=\"333\">alpaca de alta calidad<\/strong>, esta bombilla cuenta con un <strong data-start=\"363\" data-end=\"384\" data-is-only-node=\"\">filtro de resorte<\/strong> que asegura un cebado suave y libre de yerba, mientras que su <strong data-start=\"447\" data-end=\"467\">bolita de bronce<\/strong> aporta un detalle elegante y distintivo. \ud83c\udf3f Resistente, pr\u00e1ctica y con terminaciones artesanales, es la elecci\u00f3n ideal para quienes buscan un accesorio duradero y con estilo para acompa\u00f1ar cada mateada.<\/p>\n","protected":false},"featured_media":578,"comment_status":"open","ping_status":"closed","template":"","meta":{"site-sidebar-layout":"default","site-content-layout":"","ast-site-content-layout":"default","site-content-style":"default","site-sidebar-style":"default","ast-global-header-display":"","ast-banner-title-visibility":"","ast-main-header-display":"","ast-hfb-above-header-display":"","ast-hfb-below-header-display":"","ast-hfb-mobile-header-display":"","site-post-title":"","ast-breadcrumbs-content":"","ast-featured-img":"","footer-sml-layout":"","ast-disable-related-posts":"","theme-transparent-header-meta":"default","adv-header-id-meta":"","stick-header-meta":"","header-above-stick-meta":"","header-main-stick-meta":"","header-below-stick-meta":"","astra-migrate-meta-layouts":"set","ast-page-background-enabled":"default","ast-page-background-meta":{"desktop":{"background-color":"var(--ast-global-color-5)","background-image":"","background-repeat":"repeat","background-position":"center center","background-size":"auto","background-attachment":"scroll","background-type":"","background-media":"","overlay-type":"","overlay-color":"","overlay-opacity":"","overlay-gradient":""},"tablet":{"background-color":"","background-image":"","background-repeat":"repeat","background-position":"center center","background-size":"auto","background-attachment":"scroll","background-type":"","background-media":"","overlay-type":"","overlay-color":"","overlay-opacity":"","overlay-gradient":""},"mobile":{"background-color":"","background-image":"","background-repeat":"repeat","background-position":"center center","background-size":"auto","background-attachment":"scroll","background-type":"","background-media":"","overlay-type":"","overlay-color":"","overlay-opacity":"","overlay-gradient":""}},"ast-content-background-meta":{"desktop":{"background-color":"var(--ast-global-color-4)","background-image":"","background-repeat":"repeat","background-position":"center center","background-size":"auto","background-attachment":"scroll","background-type":"","background-media":"","overlay-type":"","overlay-color":"","overlay-opacity":"","overlay-gradient":""},"tablet":{"background-color":"var(--ast-global-color-4)","background-image":"","background-repeat":"repeat","background-position":"center center","background-size":"auto","background-attachment":"scroll","background-type":"","background-media":"","overlay-type":"","overlay-color":"","overlay-opacity":"","overlay-gradient":""},"mobile":{"background-color":"var(--ast-global-color-4)","background-image":"","background-repeat":"repeat","background-position":"center center","background-size":"auto","background-attachment":"scroll","background-type":"","background-media":"","overlay-type":"","overlay-color":"","overlay-opacity":"","overlay-gradient":""}}},"product_brand":[],"product_cat":[21,22],"product_tag":[96,79,95,94],"class_list":{"0":"post-581","1":"product","2":"type-product","3":"status-publish","4":"has-post-thumbnail","6":"product_cat-bombillas","7":"product_cat-bombillas-alpaca","8":"product_tag-adorno-de-bronce","9":"product_tag-alpaca","10":"product_tag-bolita-de-bronce","11":"product_tag-bombilla","12":"desktop-align-left","13":"tablet-align-left","14":"mobile-align-left","15":"ast-product-gallery-layout-horizontal-slider","16":"ast-product-gallery-with-no-image","17":"ast-product-tabs-layout-horizontal","19":"first","20":"instock","21":"taxable","22":"shipping-taxable","23":"purchasable","24":"product-type-simple"},"_links":{"self":[{"href":"https:\/\/regionalesrenacer.com\/shop\/wp-json\/wp\/v2\/product\/581","targetHints":{"allow":["GET"]}}],"collection":[{"href":"https:\/\/regionalesrenacer.com\/shop\/wp-json\/wp\/v2\/product"}],"about":[{"href":"https:\/\/regionalesrenacer.com\/shop\/wp-json\/wp\/v2\/types\/product"}],"replies":[{"embeddable":true,"href":"https:\/\/regionalesrenacer.com\/shop\/wp-json\/wp\/v2\/comments?post=581"}],"wp:featuredmedia":[{"embeddable":true,"href":"https:\/\/regionalesrenacer.com\/shop\/wp-json\/wp\/v2\/media\/578"}],"wp:attachment":[{"href":"https:\/\/regionalesrenacer.com\/shop\/wp-json\/wp\/v2\/media?parent=581"}],"wp:term":[{"taxonomy":"product_brand","embeddable":true,"href":"https:\/\/regionalesrenacer.com\/shop\/wp-json\/wp\/v2\/product_brand?post=581"},{"taxonomy":"product_cat","embeddable":true,"href":"https:\/\/regionalesrenacer.com\/shop\/wp-json\/wp\/v2\/product_cat?post=581"},{"taxonomy":"product_tag","embeddable":true,"href":"https:\/\/regionalesrenacer.com\/shop\/wp-json\/wp\/v2\/product_tag?post=581"}],"curies":[{"name":"wp","href":"https:\/\/api.w.org\/{rel}","templated":true}]}}