{"id":508,"date":"2025-08-21T21:28:47","date_gmt":"2025-08-22T00:28:47","guid":{"rendered":"https:\/\/regionalesrenacer.com\/shop\/?post_type=product&#038;p=508"},"modified":"2025-09-01T23:51:20","modified_gmt":"2025-09-02T02:51:20","slug":"cuchillo-criollo-artesanal-cabo-madera","status":"publish","type":"product","link":"https:\/\/regionalesrenacer.com\/shop\/producto\/cuchillo-criollo-artesanal-cabo-madera\/","title":{"rendered":"Cuchillo Criollo con Cabo de Madera y Alpaca"},"content":{"rendered":"<ul>\n<li><b>\ud83d\udd2a Hoja de Acero Inoxidable Dagger:<\/b> La hoja, de estilo criollo, lleva el sello de calidad de \u00abDagger\u00bb. Fabricada en acero inoxidable, garantiza un filo duradero, excelente resistencia a la corrosi\u00f3n y un mantenimiento sencillo.<\/li>\n<li><b>\ud83e\udeb5 Elegante Cabo de Madera:<\/b> El mango est\u00e1 confeccionado en madera seleccionada y pulida, que no solo ofrece un agarre firme y confortable, sino que tambi\u00e9n le otorga una est\u00e9tica cl\u00e1sica y c\u00e1lida.<\/li>\n<li><b>\u2728 Detalles en Alpaca Maciza:<\/b> Tanto la virola (la uni\u00f3n entre el cabo y la hoja) como el pomo (la terminaci\u00f3n del cabo) est\u00e1n finamente trabajados en alpaca, a\u00f1adiendo un toque de distinci\u00f3n, peso y balance perfecto al cuchillo.<\/li>\n<li><b>\ud83d\udc2e Incluye Vaina de Cuero:<\/b> Se entrega con una vaina de cuero vacuno, robusta y a medida. Perfecta para proteger el filo, guardarlo de forma segura o transportarlo c\u00f3modamente al cinto.<\/li>\n<li><strong>Versatilidad de Uso<\/strong>: Es el cuchillo perfecto tanto para lucirse cortando el asado en la tabla como para ser un cuchillo de uso diario en la cocina por su pr\u00e1ctico dise\u00f1o y f\u00e1cil limpieza.<\/li>\n<\/ul>\n","protected":false},"excerpt":{"rendered":"<p>Un cl\u00e1sico infaltable en todo asado y cocina argentina. Este cuchillo de la reconocida marca Dagger combina la calidez de la madera noble con el brillo distinguido de la alpaca, creando una herramienta tan funcional como elegante. Dise\u00f1ado para un corte preciso y un agarre c\u00f3modo, es el compa\u00f1ero ideal para quienes aprecian la calidad, la tradici\u00f3n y el buen dise\u00f1o en sus utensilios.<\/p>\n","protected":false},"featured_media":554,"comment_status":"open","ping_status":"closed","template":"","meta":{"site-sidebar-layout":"default","site-content-layout":"","ast-site-content-layout":"default","site-content-style":"default","site-sidebar-style":"default","ast-global-header-display":"","ast-banner-title-visibility":"","ast-main-header-display":"","ast-hfb-above-header-display":"","ast-hfb-below-header-display":"","ast-hfb-mobile-header-display":"","site-post-title":"","ast-breadcrumbs-content":"","ast-featured-img":"","footer-sml-layout":"","ast-disable-related-posts":"","theme-transparent-header-meta":"default","adv-header-id-meta":"","stick-header-meta":"","header-above-stick-meta":"","header-main-stick-meta":"","header-below-stick-meta":"","astra-migrate-meta-layouts":"set","ast-page-background-enabled":"default","ast-page-background-meta":{"desktop":{"background-color":"var(--ast-global-color-5)","background-image":"","background-repeat":"repeat","background-position":"center center","background-size":"auto","background-attachment":"scroll","background-type":"","background-media":"","overlay-type":"","overlay-color":"","overlay-opacity":"","overlay-gradient":""},"tablet":{"background-color":"","background-image":"","background-repeat":"repeat","background-position":"center center","background-size":"auto","background-attachment":"scroll","background-type":"","background-media":"","overlay-type":"","overlay-color":"","overlay-opacity":"","overlay-gradient":""},"mobile":{"background-color":"","background-image":"","background-repeat":"repeat","background-position":"center center","background-size":"auto","background-attachment":"scroll","background-type":"","background-media":"","overlay-type":"","overlay-color":"","overlay-opacity":"","overlay-gradient":""}},"ast-content-background-meta":{"desktop":{"background-color":"var(--ast-global-color-4)","background-image":"","background-repeat":"repeat","background-position":"center center","background-size":"auto","background-attachment":"scroll","background-type":"","background-media":"","overlay-type":"","overlay-color":"","overlay-opacity":"","overlay-gradient":""},"tablet":{"background-color":"var(--ast-global-color-4)","background-image":"","background-repeat":"repeat","background-position":"center center","background-size":"auto","background-attachment":"scroll","background-type":"","background-media":"","overlay-type":"","overlay-color":"","overlay-opacity":"","overlay-gradient":""},"mobile":{"background-color":"var(--ast-global-color-4)","background-image":"","background-repeat":"repeat","background-position":"center center","background-size":"auto","background-attachment":"scroll","background-type":"","background-media":"","overlay-type":"","overlay-color":"","overlay-opacity":"","overlay-gradient":""}}},"product_brand":[],"product_cat":[62,63],"product_tag":[],"class_list":{"0":"post-508","1":"product","2":"type-product","3":"status-publish","4":"has-post-thumbnail","6":"product_cat-cuchillos","7":"product_cat-cuchi-alpaca","8":"desktop-align-left","9":"tablet-align-left","10":"mobile-align-left","11":"ast-product-gallery-layout-horizontal-slider","12":"ast-product-gallery-with-no-image","13":"ast-product-tabs-layout-horizontal","15":"first","16":"instock","17":"taxable","18":"shipping-taxable","19":"purchasable","20":"product-type-simple"},"_links":{"self":[{"href":"https:\/\/regionalesrenacer.com\/shop\/wp-json\/wp\/v2\/product\/508","targetHints":{"allow":["GET"]}}],"collection":[{"href":"https:\/\/regionalesrenacer.com\/shop\/wp-json\/wp\/v2\/product"}],"about":[{"href":"https:\/\/regionalesrenacer.com\/shop\/wp-json\/wp\/v2\/types\/product"}],"replies":[{"embeddable":true,"href":"https:\/\/regionalesrenacer.com\/shop\/wp-json\/wp\/v2\/comments?post=508"}],"wp:featuredmedia":[{"embeddable":true,"href":"https:\/\/regionalesrenacer.com\/shop\/wp-json\/wp\/v2\/media\/554"}],"wp:attachment":[{"href":"https:\/\/regionalesrenacer.com\/shop\/wp-json\/wp\/v2\/media?parent=508"}],"wp:term":[{"taxonomy":"product_brand","embeddable":true,"href":"https:\/\/regionalesrenacer.com\/shop\/wp-json\/wp\/v2\/product_brand?post=508"},{"taxonomy":"product_cat","embeddable":true,"href":"https:\/\/regionalesrenacer.com\/shop\/wp-json\/wp\/v2\/product_cat?post=508"},{"taxonomy":"product_tag","embeddable":true,"href":"https:\/\/regionalesrenacer.com\/shop\/wp-json\/wp\/v2\/product_tag?post=508"}],"curies":[{"name":"wp","href":"https:\/\/api.w.org\/{rel}","templated":true}]}}