{"id":461,"date":"2025-08-21T20:13:00","date_gmt":"2025-08-21T23:13:00","guid":{"rendered":"https:\/\/regionalesrenacer.com\/shop\/?post_type=product&#038;p=461"},"modified":"2026-04-13T13:54:35","modified_gmt":"2026-04-13T16:54:35","slug":"bombilla-chata-de-alpaca-con-aplique-artesanal-disponible-en-16-cm-y-20-cm","status":"publish","type":"product","link":"https:\/\/regionalesrenacer.com\/shop\/producto\/bombilla-chata-de-alpaca-con-aplique-artesanal-disponible-en-16-cm-y-20-cm\/","title":{"rendered":"Bombilla Chata de Alpaca con Aplique Artesanal &#8211; Disponible en 16 cm y 20 cm"},"content":{"rendered":"<ul>\n<li><b>\u2728 Dise\u00f1o Moderno y Minimalista:<\/b> Su estructura completamente chata (aplanada) la distingue de las bombillas tradicionales, ofreciendo una est\u00e9tica refinada y contempor\u00e1nea.<\/li>\n<li><b>\ud83d\udd28 Fabricada en Alpaca de Alta Calidad:<\/b> Confeccionada en alpaca, un material reconocido por su durabilidad, su capacidad para no alterar el sabor del mate y su brillo inalterable que perdura con el uso.<\/li>\n<li><b>\ud83c\udf38 Detalle Artesanal \u00danico:<\/b> Cada bombilla est\u00e1 adornada en su centro con un delicado aplique met\u00e1lico. Los motivos pueden variar, aportando un toque de distinci\u00f3n y exclusividad a cada pieza.<\/li>\n<li><b>\ud83d\udccf Dos Tama\u00f1os Disponibles:<\/b> Entendemos que cada mate es un mundo. Por eso, ofrecemos esta bombilla en dos largos para un ajuste perfecto:\n<ul>\n<li><b>16 cm:<\/b> Ideal para mates de tama\u00f1o peque\u00f1o a mediano (ej. tipo porongo, de vidrio o cer\u00e1mica).<\/li>\n<li><b>20 cm:<\/b> Perfecta para mates m\u00e1s grandes y de boca ancha (ej. camioneros, imperiales o calabazas grandes).<\/li>\n<\/ul>\n<\/li>\n<li><b>\ud83d\udca7 Funcional y F\u00e1cil de Limpiar:<\/b> Su dise\u00f1o de una sola pieza con filtro integrado en la punta facilita su limpieza y mantenimiento, asegurando higiene y un buen flujo en cada cebada.<\/li>\n<\/ul>\n","protected":false},"excerpt":{"rendered":"<p>Redefin\u00ed tu experiencia matera con nuestra bombilla chata de alpaca, una pieza que combina un dise\u00f1o moderno y minimalista con el encanto del detalle artesanal. Su perfil aplanado no solo le da un aspecto \u00fanico y elegante, sino que tambi\u00e9n la hace c\u00f3moda y funcional. Disponible en dos tama\u00f1os para que elijas la que mejor se adapte a tu mate preferido.<\/p>\n","protected":false},"featured_media":572,"comment_status":"open","ping_status":"closed","template":"","meta":{"site-sidebar-layout":"default","site-content-layout":"","ast-site-content-layout":"default","site-content-style":"default","site-sidebar-style":"default","ast-global-header-display":"","ast-banner-title-visibility":"","ast-main-header-display":"","ast-hfb-above-header-display":"","ast-hfb-below-header-display":"","ast-hfb-mobile-header-display":"","site-post-title":"","ast-breadcrumbs-content":"","ast-featured-img":"","footer-sml-layout":"","ast-disable-related-posts":"","theme-transparent-header-meta":"default","adv-header-id-meta":"","stick-header-meta":"","header-above-stick-meta":"","header-main-stick-meta":"","header-below-stick-meta":"","astra-migrate-meta-layouts":"set","ast-page-background-enabled":"default","ast-page-background-meta":{"desktop":{"background-color":"var(--ast-global-color-5)","background-image":"","background-repeat":"repeat","background-position":"center center","background-size":"auto","background-attachment":"scroll","background-type":"","background-media":"","overlay-type":"","overlay-color":"","overlay-opacity":"","overlay-gradient":""},"tablet":{"background-color":"","background-image":"","background-repeat":"repeat","background-position":"center center","background-size":"auto","background-attachment":"scroll","background-type":"","background-media":"","overlay-type":"","overlay-color":"","overlay-opacity":"","overlay-gradient":""},"mobile":{"background-color":"","background-image":"","background-repeat":"repeat","background-position":"center center","background-size":"auto","background-attachment":"scroll","background-type":"","background-media":"","overlay-type":"","overlay-color":"","overlay-opacity":"","overlay-gradient":""}},"ast-content-background-meta":{"desktop":{"background-color":"var(--ast-global-color-4)","background-image":"","background-repeat":"repeat","background-position":"center center","background-size":"auto","background-attachment":"scroll","background-type":"","background-media":"","overlay-type":"","overlay-color":"","overlay-opacity":"","overlay-gradient":""},"tablet":{"background-color":"var(--ast-global-color-4)","background-image":"","background-repeat":"repeat","background-position":"center center","background-size":"auto","background-attachment":"scroll","background-type":"","background-media":"","overlay-type":"","overlay-color":"","overlay-opacity":"","overlay-gradient":""},"mobile":{"background-color":"var(--ast-global-color-4)","background-image":"","background-repeat":"repeat","background-position":"center center","background-size":"auto","background-attachment":"scroll","background-type":"","background-media":"","overlay-type":"","overlay-color":"","overlay-opacity":"","overlay-gradient":""}}},"product_brand":[],"product_cat":[21,22],"product_tag":[],"class_list":{"0":"post-461","1":"product","2":"type-product","3":"status-publish","4":"has-post-thumbnail","6":"product_cat-bombillas","7":"product_cat-bombillas-alpaca","8":"desktop-align-left","9":"tablet-align-left","10":"mobile-align-left","11":"ast-product-gallery-layout-horizontal-slider","12":"ast-product-gallery-with-no-image","13":"ast-product-single-variable","14":"ast-product-tabs-layout-horizontal","16":"first","17":"instock","18":"taxable","19":"shipping-taxable","20":"purchasable","21":"product-type-variable"},"_links":{"self":[{"href":"https:\/\/regionalesrenacer.com\/shop\/wp-json\/wp\/v2\/product\/461","targetHints":{"allow":["GET"]}}],"collection":[{"href":"https:\/\/regionalesrenacer.com\/shop\/wp-json\/wp\/v2\/product"}],"about":[{"href":"https:\/\/regionalesrenacer.com\/shop\/wp-json\/wp\/v2\/types\/product"}],"replies":[{"embeddable":true,"href":"https:\/\/regionalesrenacer.com\/shop\/wp-json\/wp\/v2\/comments?post=461"}],"wp:featuredmedia":[{"embeddable":true,"href":"https:\/\/regionalesrenacer.com\/shop\/wp-json\/wp\/v2\/media\/572"}],"wp:attachment":[{"href":"https:\/\/regionalesrenacer.com\/shop\/wp-json\/wp\/v2\/media?parent=461"}],"wp:term":[{"taxonomy":"product_brand","embeddable":true,"href":"https:\/\/regionalesrenacer.com\/shop\/wp-json\/wp\/v2\/product_brand?post=461"},{"taxonomy":"product_cat","embeddable":true,"href":"https:\/\/regionalesrenacer.com\/shop\/wp-json\/wp\/v2\/product_cat?post=461"},{"taxonomy":"product_tag","embeddable":true,"href":"https:\/\/regionalesrenacer.com\/shop\/wp-json\/wp\/v2\/product_tag?post=461"}],"curies":[{"name":"wp","href":"https:\/\/api.w.org\/{rel}","templated":true}]}}