{"id":121,"date":"2025-07-02T14:35:38","date_gmt":"2025-07-02T17:35:38","guid":{"rendered":"https:\/\/regionalesrenacer.com\/shop\/?post_type=product&#038;p=121"},"modified":"2026-04-06T15:24:46","modified_gmt":"2026-04-06T18:24:46","slug":"bombi-cania-pescar-c-resorte","status":"publish","type":"product","link":"https:\/\/regionalesrenacer.com\/shop\/producto\/bombi-cania-pescar-c-resorte\/","title":{"rendered":"Bombilla de Alpaca \u00abCa\u00f1a de Pescar\u00bb con Filtro de Resorte"},"content":{"rendered":"<ul>\n<li><b>\ud83c\udfa3 Innovador Sistema \u00abCa\u00f1a de Pescar\u00bb:<\/b> Equipada con una palanca exterior que, al accionarla, mueve un alambre interno para destapar la bombilla al instante. \u00a1Una soluci\u00f3n pr\u00e1ctica y eficaz para no interrumpir la mateada!<\/li>\n<li><b>\ud83d\udd29 Filtro de Resorte de Alta Eficiencia:<\/b> Su filtro en forma de resorte es desmontable y f\u00e1cil de limpiar, asegurando una filtraci\u00f3n \u00f3ptima que evita el paso del polvillo de la yerba.<\/li>\n<li><b>\u2728 Fabricada en Alpaca de Calidad:<\/b> Construida \u00edntegramente en alpaca, un material noble que no altera el sabor del mate, es extremadamente durable y mantiene su brillo con el tiempo.<\/li>\n<li><b>\ud83c\udfa8 Dise\u00f1o Artesanal Distintivo:<\/b> Presenta un trabajo detallado y un aplique decorativo que cuelga de la parte superior, aportando un toque de elegancia y originalidad a tu equipo matero.<\/li>\n<li><b>\ud83d\udc4c Experiencia de Mate Superior:<\/b> La combinaci\u00f3n de su sistema de limpieza y su filtro eficiente te asegura un flujo continuo y un sabor puro en cada cebada.<\/li>\n<\/ul>\n","protected":false},"excerpt":{"rendered":"<p>Elev\u00e1 tu ritual del mate al siguiente nivel con nuestra innovadora bombilla \u00abCa\u00f1a de Pescar\u00bb. Dise\u00f1ada para los materos m\u00e1s exigentes, combina un estilo artesanal \u00fanico con un ingenioso sistema de limpieza que te garantiza una experiencia sin interrupciones. Olvidate de las bombillas tapadas y disfrut\u00e1 de cada mate, desde el primero hasta el \u00faltimo.<\/p>\n","protected":false},"featured_media":569,"comment_status":"open","ping_status":"closed","template":"","meta":{"site-sidebar-layout":"default","site-content-layout":"","ast-site-content-layout":"default","site-content-style":"default","site-sidebar-style":"default","ast-global-header-display":"","ast-banner-title-visibility":"","ast-main-header-display":"","ast-hfb-above-header-display":"","ast-hfb-below-header-display":"","ast-hfb-mobile-header-display":"","site-post-title":"","ast-breadcrumbs-content":"","ast-featured-img":"","footer-sml-layout":"","ast-disable-related-posts":"","theme-transparent-header-meta":"default","adv-header-id-meta":"","stick-header-meta":"","header-above-stick-meta":"","header-main-stick-meta":"","header-below-stick-meta":"","astra-migrate-meta-layouts":"set","ast-page-background-enabled":"default","ast-page-background-meta":{"desktop":{"background-color":"var(--ast-global-color-5)","background-image":"","background-repeat":"repeat","background-position":"center center","background-size":"auto","background-attachment":"scroll","background-type":"","background-media":"","overlay-type":"","overlay-color":"","overlay-opacity":"","overlay-gradient":""},"tablet":{"background-color":"","background-image":"","background-repeat":"repeat","background-position":"center center","background-size":"auto","background-attachment":"scroll","background-type":"","background-media":"","overlay-type":"","overlay-color":"","overlay-opacity":"","overlay-gradient":""},"mobile":{"background-color":"","background-image":"","background-repeat":"repeat","background-position":"center center","background-size":"auto","background-attachment":"scroll","background-type":"","background-media":"","overlay-type":"","overlay-color":"","overlay-opacity":"","overlay-gradient":""}},"ast-content-background-meta":{"desktop":{"background-color":"var(--ast-global-color-4)","background-image":"","background-repeat":"repeat","background-position":"center center","background-size":"auto","background-attachment":"scroll","background-type":"","background-media":"","overlay-type":"","overlay-color":"","overlay-opacity":"","overlay-gradient":""},"tablet":{"background-color":"var(--ast-global-color-4)","background-image":"","background-repeat":"repeat","background-position":"center center","background-size":"auto","background-attachment":"scroll","background-type":"","background-media":"","overlay-type":"","overlay-color":"","overlay-opacity":"","overlay-gradient":""},"mobile":{"background-color":"var(--ast-global-color-4)","background-image":"","background-repeat":"repeat","background-position":"center center","background-size":"auto","background-attachment":"scroll","background-type":"","background-media":"","overlay-type":"","overlay-color":"","overlay-opacity":"","overlay-gradient":""}}},"product_brand":[],"product_cat":[21,26,22,33],"product_tag":[20],"class_list":{"0":"post-121","1":"product","2":"type-product","3":"status-publish","4":"has-post-thumbnail","6":"product_cat-bombillas","7":"product_cat-bombilla-cana-pescar-alpaca","8":"product_cat-bombillas-alpaca","9":"product_cat-bomb-cana-pescar-resorte","10":"product_tag-regionales-renacer","11":"desktop-align-left","12":"tablet-align-left","13":"mobile-align-left","14":"ast-product-gallery-layout-horizontal-slider","15":"ast-product-tabs-layout-horizontal","17":"first","18":"instock","19":"taxable","20":"shipping-taxable","21":"purchasable","22":"product-type-simple"},"_links":{"self":[{"href":"https:\/\/regionalesrenacer.com\/shop\/wp-json\/wp\/v2\/product\/121","targetHints":{"allow":["GET"]}}],"collection":[{"href":"https:\/\/regionalesrenacer.com\/shop\/wp-json\/wp\/v2\/product"}],"about":[{"href":"https:\/\/regionalesrenacer.com\/shop\/wp-json\/wp\/v2\/types\/product"}],"replies":[{"embeddable":true,"href":"https:\/\/regionalesrenacer.com\/shop\/wp-json\/wp\/v2\/comments?post=121"}],"wp:featuredmedia":[{"embeddable":true,"href":"https:\/\/regionalesrenacer.com\/shop\/wp-json\/wp\/v2\/media\/569"}],"wp:attachment":[{"href":"https:\/\/regionalesrenacer.com\/shop\/wp-json\/wp\/v2\/media?parent=121"}],"wp:term":[{"taxonomy":"product_brand","embeddable":true,"href":"https:\/\/regionalesrenacer.com\/shop\/wp-json\/wp\/v2\/product_brand?post=121"},{"taxonomy":"product_cat","embeddable":true,"href":"https:\/\/regionalesrenacer.com\/shop\/wp-json\/wp\/v2\/product_cat?post=121"},{"taxonomy":"product_tag","embeddable":true,"href":"https:\/\/regionalesrenacer.com\/shop\/wp-json\/wp\/v2\/product_tag?post=121"}],"curies":[{"name":"wp","href":"https:\/\/api.w.org\/{rel}","templated":true}]}}