{"id":119,"date":"2025-07-02T14:35:21","date_gmt":"2025-07-02T17:35:21","guid":{"rendered":"https:\/\/regionalesrenacer.com\/shop\/?post_type=product&#038;p=119"},"modified":"2026-04-06T15:25:43","modified_gmt":"2026-04-06T18:25:43","slug":"bombilla-alpaca-cania-pescar-paleta","status":"publish","type":"product","link":"https:\/\/regionalesrenacer.com\/shop\/producto\/bombilla-alpaca-cania-pescar-paleta\/","title":{"rendered":"Bombilla de Alpaca \u00abPico Loro\u00bb con Sistema Ca\u00f1a de Pescar y Filtro Paleta"},"content":{"rendered":"<ul>\n<li><b>\ud83c\udfa3 Sistema de Limpieza \u00abCa\u00f1a de Pescar\u00bb:<\/b> Su principal atractivo. Una palanca externa te permite destapar la bombilla al instante si se obstruye, sin necesidad de retirarla del mate. Incluye un delicado dije de pez que adorna el mecanismo.<\/li>\n<li><b>\ud83e\udd9c C\u00f3moda Boquilla \u00abPico de Loro\u00bb:<\/b> Su dise\u00f1o aplanado y curvo se adapta ergon\u00f3micamente a los labios, ofreciendo una experiencia de mateo mucho m\u00e1s confortable y segura.<\/li>\n<li><b>\ud83e\udd44 Filtro Fijo Tipo Paleta (Cucharita):<\/b> Un filtro cl\u00e1sico y confiable. Su dise\u00f1o de paleta con perforaciones finas garantiza un excelente filtrado y es ideal para ayudar a acomodar la yerba al preparar el mate. Al ser fijo, es robusto y duradero.<\/li>\n<li><b>\u2728 Construcci\u00f3n Premium en Alpaca:<\/b> Elaborada completamente en alpaca, un material que asegura una larga vida \u00fatil, no se oxida, no altera el sabor de la yerba y mantiene un brillo distinguido.<\/li>\n<li><b>\ud83d\udee0\ufe0f Dise\u00f1o que Combina Arte y Funci\u00f3n:<\/b> Cada detalle est\u00e1 pensado para ofrecer una pieza que no solo es incre\u00edblemente pr\u00e1ctica, sino tambi\u00e9n una verdadera joya artesanal, ideal para lucir o para hacer un regalo memorable.<\/li>\n<\/ul>\n","protected":false},"excerpt":{"rendered":"<p>Descubr\u00ed la pieza definitiva para tu equipo de mate: la bombilla que lo tiene todo. Este modelo combina la comodidad de la cl\u00e1sica boquilla \u00abPico de Loro\u00bb y la eficacia del filtro tipo paleta, con el revolucionario sistema de limpieza \u00abCa\u00f1a de Pescar\u00bb. Fabricada en alpaca de alta calidad, es la herramienta perfecta para quienes buscan funcionalidad, durabilidad y un dise\u00f1o artesanal inigualable.<\/p>\n","protected":false},"featured_media":571,"comment_status":"open","ping_status":"closed","template":"","meta":{"site-sidebar-layout":"default","site-content-layout":"","ast-site-content-layout":"default","site-content-style":"default","site-sidebar-style":"default","ast-global-header-display":"","ast-banner-title-visibility":"","ast-main-header-display":"","ast-hfb-above-header-display":"","ast-hfb-below-header-display":"","ast-hfb-mobile-header-display":"","site-post-title":"","ast-breadcrumbs-content":"","ast-featured-img":"","footer-sml-layout":"","ast-disable-related-posts":"","theme-transparent-header-meta":"default","adv-header-id-meta":"","stick-header-meta":"","header-above-stick-meta":"","header-main-stick-meta":"","header-below-stick-meta":"","astra-migrate-meta-layouts":"set","ast-page-background-enabled":"default","ast-page-background-meta":{"desktop":{"background-color":"var(--ast-global-color-5)","background-image":"","background-repeat":"repeat","background-position":"center center","background-size":"auto","background-attachment":"scroll","background-type":"","background-media":"","overlay-type":"","overlay-color":"","overlay-opacity":"","overlay-gradient":""},"tablet":{"background-color":"","background-image":"","background-repeat":"repeat","background-position":"center center","background-size":"auto","background-attachment":"scroll","background-type":"","background-media":"","overlay-type":"","overlay-color":"","overlay-opacity":"","overlay-gradient":""},"mobile":{"background-color":"","background-image":"","background-repeat":"repeat","background-position":"center center","background-size":"auto","background-attachment":"scroll","background-type":"","background-media":"","overlay-type":"","overlay-color":"","overlay-opacity":"","overlay-gradient":""}},"ast-content-background-meta":{"desktop":{"background-color":"var(--ast-global-color-4)","background-image":"","background-repeat":"repeat","background-position":"center center","background-size":"auto","background-attachment":"scroll","background-type":"","background-media":"","overlay-type":"","overlay-color":"","overlay-opacity":"","overlay-gradient":""},"tablet":{"background-color":"var(--ast-global-color-4)","background-image":"","background-repeat":"repeat","background-position":"center center","background-size":"auto","background-attachment":"scroll","background-type":"","background-media":"","overlay-type":"","overlay-color":"","overlay-opacity":"","overlay-gradient":""},"mobile":{"background-color":"var(--ast-global-color-4)","background-image":"","background-repeat":"repeat","background-position":"center center","background-size":"auto","background-attachment":"scroll","background-type":"","background-media":"","overlay-type":"","overlay-color":"","overlay-opacity":"","overlay-gradient":""}}},"product_brand":[],"product_cat":[26,22,31],"product_tag":[20],"class_list":{"0":"post-119","1":"product","2":"type-product","3":"status-publish","4":"has-post-thumbnail","6":"product_cat-bombilla-cana-pescar-alpaca","7":"product_cat-bombillas-alpaca","8":"product_cat-bom-pico-loro-paleta","9":"product_tag-regionales-renacer","10":"desktop-align-left","11":"tablet-align-left","12":"mobile-align-left","13":"ast-product-gallery-layout-horizontal-slider","14":"ast-product-tabs-layout-horizontal","16":"first","17":"instock","18":"taxable","19":"shipping-taxable","20":"purchasable","21":"product-type-simple"},"_links":{"self":[{"href":"https:\/\/regionalesrenacer.com\/shop\/wp-json\/wp\/v2\/product\/119","targetHints":{"allow":["GET"]}}],"collection":[{"href":"https:\/\/regionalesrenacer.com\/shop\/wp-json\/wp\/v2\/product"}],"about":[{"href":"https:\/\/regionalesrenacer.com\/shop\/wp-json\/wp\/v2\/types\/product"}],"replies":[{"embeddable":true,"href":"https:\/\/regionalesrenacer.com\/shop\/wp-json\/wp\/v2\/comments?post=119"}],"wp:featuredmedia":[{"embeddable":true,"href":"https:\/\/regionalesrenacer.com\/shop\/wp-json\/wp\/v2\/media\/571"}],"wp:attachment":[{"href":"https:\/\/regionalesrenacer.com\/shop\/wp-json\/wp\/v2\/media?parent=119"}],"wp:term":[{"taxonomy":"product_brand","embeddable":true,"href":"https:\/\/regionalesrenacer.com\/shop\/wp-json\/wp\/v2\/product_brand?post=119"},{"taxonomy":"product_cat","embeddable":true,"href":"https:\/\/regionalesrenacer.com\/shop\/wp-json\/wp\/v2\/product_cat?post=119"},{"taxonomy":"product_tag","embeddable":true,"href":"https:\/\/regionalesrenacer.com\/shop\/wp-json\/wp\/v2\/product_tag?post=119"}],"curies":[{"name":"wp","href":"https:\/\/api.w.org\/{rel}","templated":true}]}}